{"id":612,"date":"2024-12-26T11:56:07","date_gmt":"2024-12-26T11:56:07","guid":{"rendered":"https:\/\/carolinaribes.es\/?page_id=612"},"modified":"2026-03-31T08:26:43","modified_gmt":"2026-03-31T08:26:43","slug":"privacy-policy","status":"publish","type":"page","link":"https:\/\/carolinaribes.es\/en\/privacy-policy\/","title":{"rendered":"Pol\u00edtica de privacidad"},"content":{"rendered":"[vc_row type=&#8221;in_container&#8221; full_screen_row_position=&#8221;middle&#8221; column_margin=&#8221;default&#8221; column_direction=&#8221;default&#8221; column_direction_tablet=&#8221;default&#8221; column_direction_phone=&#8221;default&#8221; scene_position=&#8221;center&#8221; top_padding=&#8221;5em&#8221; left_padding_desktop=&#8221;3em&#8221; constrain_group_2=&#8221;yes&#8221; right_padding_desktop=&#8221;3em&#8221; left_padding_tablet=&#8221;2em&#8221; constrain_group_4=&#8221;yes&#8221; right_padding_tablet=&#8221;2em&#8221; left_padding_phone=&#8221;1em&#8221; constrain_group_6=&#8221;yes&#8221; right_padding_phone=&#8221;1em&#8221; text_color=&#8221;dark&#8221; text_align=&#8221;left&#8221; row_border_radius=&#8221;none&#8221; row_border_radius_applies=&#8221;bg&#8221; overflow=&#8221;visible&#8221; overlay_strength=&#8221;0.3&#8243; gradient_direction=&#8221;left_to_right&#8221; shape_divider_position=&#8221;bottom&#8221; bg_image_animation=&#8221;none&#8221; gradient_type=&#8221;default&#8221; shape_type=&#8221;&#8221;][vc_column column_padding=&#8221;no-extra-padding&#8221; column_padding_tablet=&#8221;inherit&#8221; column_padding_phone=&#8221;inherit&#8221; column_padding_position=&#8221;all&#8221; column_element_direction_desktop=&#8221;default&#8221; column_element_spacing=&#8221;default&#8221; desktop_text_alignment=&#8221;default&#8221; tablet_text_alignment=&#8221;default&#8221; phone_text_alignment=&#8221;default&#8221; background_color_opacity=&#8221;1&#8243; background_hover_color_opacity=&#8221;1&#8243; column_backdrop_filter=&#8221;none&#8221; column_shadow=&#8221;none&#8221; column_border_radius=&#8221;none&#8221; column_link_target=&#8221;_self&#8221; column_position=&#8221;default&#8221; gradient_direction=&#8221;left_to_right&#8221; overlay_strength=&#8221;0.3&#8243; width=&#8221;1\/1&#8243; tablet_width_inherit=&#8221;default&#8221; animation_type=&#8221;default&#8221; bg_image_animation=&#8221;none&#8221; border_type=&#8221;simple&#8221; column_border_width=&#8221;none&#8221; column_border_style=&#8221;solid&#8221;][vc_column_text css=&#8221;&#8221; text_direction=&#8221;default&#8221;]\r\n<h2 class=\"wp-block-heading\">Pol\u00edtica de privacidad<\/h2>\r\n<p>Carolina Ribes Tortajada recopila, trata y almacena informaci\u00f3n personal a trav\u00e9s de la web de la cual es titular <a href=\"https:\/\/tradsis.net\/\" target=\"_blank\" rel=\"noopener\">carolinaribes.es<\/a>.<\/p>\r\n<p>Esta informaci\u00f3n ser\u00e1 relativa a los usuarios de la web. La informaci\u00f3n se recopilar\u00e1, tratar\u00e1 y almacenar\u00e1 conforme a la presente Pol\u00edtica de privacidad.<\/p>\r\n<p>&nbsp;<\/p>\r\n<h2 class=\"wp-block-heading\">Informaci\u00f3n b\u00e1sica<\/h2>\r\n<p>Responsable del tratamiento: Carolina Ribes Tortajada.<\/p>\r\n<p>Finalidad del tratamiento: Prestaci\u00f3n de servicios en l\u00ednea, gesti\u00f3n de env\u00edos de informaci\u00f3n, desarrollo de acciones comerciales, mantenimiento y gesti\u00f3n de usuarios o clientes para fines informativos, fiscales, contables y administrativos y, en caso necesario, para fines de auditor\u00eda o en cumplimiento de obligaciones legales o fiscales contra\u00eddas con las Autoridades competentes.<\/p>\r\n<p>Legitimaci\u00f3n: Consentimiento del interesado al rellenar y enviar el formulario.<\/p>\r\n<p>Destinatarios: No se ceden datos a terceros salvo obligaci\u00f3n legal.<\/p>\r\n<p>Derechos: Derechos de acceso, de rectificaci\u00f3n, de supresi\u00f3n, a la limitaci\u00f3n del tratamiento, a la portabilidad de los datos, de oposici\u00f3n y a no ser objeto de decisiones individuales automatizadas, incluida la elaboraci\u00f3n de perfiles.<\/p>\r\n<p>Procedencia: Interesado.<\/p>\r\n<p>Informaci\u00f3n adicional: Puede consultar la informaci\u00f3n adicional y detallada sobre protecci\u00f3n de datos en el enlace <a href=\"https:\/\/www.aepd.es\/es\" target=\"_blank\" rel=\"noopener\">https:\/\/www.aepd.es\/es<\/a>.<\/p>\r\n<p><!-- \/wp:post-content -->\u00a0<\/p>\r\n<!-- wp:heading -->\r\n<h2 class=\"wp-block-heading\">Responsable legal<\/h2>\r\n<p><!-- \/wp:heading -->Denominaci\u00f3n social: Carolina Ribes Tortajada<br \/>Correo electr\u00f3nico de contacto: <a href=\"mailto:hola@carolinaribes.es\">hola@carolinaribes.es<\/a><\/p>\r\n<p><!-- \/wp:paragraph -->\u00a0<\/p>\r\n<!-- wp:heading -->\r\n<h2 class=\"wp-block-heading\">Leyes de aplicaci\u00f3n en esta web<\/h2>\r\n<!-- \/wp:heading -->\r\n<ul>\r\n<li>\r\n<p>RGPD (Reglamento (UE) 2016\/679 del Parlamento Europeo y del Consejo de 27 de abril de 2016 relativo a la protecci\u00f3n de las personas f\u00edsicas)<\/p>\r\n<\/li>\r\n<li>\r\n<p>LOPD (Ley Org\u00e1nica 3\/2018, de 5 de diciembre, de Protecci\u00f3n de Datos Personales y garant\u00eda de los derechos digitales)<\/p>\r\n<\/li>\r\n<li>\r\n<p>LSSI (Ley 34\/2002, de 11 de julio, de Servicios de la Sociedad de la Informaci\u00f3n y Comercio Electr\u00f3nico)<\/p>\r\n<\/li>\r\n<\/ul>\r\n<p><!-- \/wp:paragraph -->\u00a0<\/p>\r\n<!-- wp:heading -->\r\n<h2 class=\"wp-block-heading\">Datos recopilados<\/h2>\r\n<p><!-- \/wp:heading -->\u00danicamente se recopilar\u00e1n los datos estrictamente necesarios para llevar a cabo la normal actividad del servicio, ajust\u00e1ndose al principio de minimizaci\u00f3n de datos (Art.5.b RGPD).<\/p>\r\n<p>Los datos recopilados ser\u00e1n en todo caso de mayores de 16 a\u00f1os (Art. 8.1 RGPD). Carolina Ribes Tortajada se reserva el derecho a tomar las medidas oportunas para comprobar la veracidad de la edad (Art. 8.2 RGPD).<\/p>\r\n<p>En todo caso estos datos ser\u00e1n de car\u00e1cter personal identificativos y no sensibles, y podr\u00e1n ser: correo electr\u00f3nico, tel\u00e9fono, nombre y apellidos.<\/p>\r\n<p><!-- \/wp:paragraph -->\u00a0<\/p>\r\n<!-- wp:heading -->\r\n<h2 class=\"wp-block-heading\">M\u00e9todos de recopilaci\u00f3n<\/h2>\r\n<p><!-- \/wp:heading -->Los datos personales se recopilar\u00e1n a trav\u00e9s de la web de Carolina Ribes Tortajada, <a href=\"https:\/\/tradsis.net\/\" target=\"_blank\" rel=\"noopener\">carolinaribes.es<\/a>, cuando introduzca informaci\u00f3n en alguno de los campos destinados a tal efecto en la web. Estos campos est\u00e1n debidamente se\u00f1alizados y no recopilar\u00e1n ning\u00fan dato hasta que no se acepte expresamente la cesi\u00f3n y gesti\u00f3n conforme a esta pol\u00edtica de privacidad.<\/p>\r\n<p><!-- \/wp:paragraph -->\u00a0<\/p>\r\n<!-- wp:heading -->\r\n<h2 class=\"wp-block-heading\">Objetivo de la recopilaci\u00f3n y uso de los datos<\/h2>\r\n<p><!-- \/wp:heading -->La recopilaci\u00f3n y uso de datos se realiza con las finalidades siguientes: la prestaci\u00f3n de servicios, las tareas administrativas derivadas de la prestaci\u00f3n de servicios, la realizaci\u00f3n de un presupuesto a petici\u00f3n suya a trav\u00e9s de la web, y la recepci\u00f3n de informaci\u00f3n de contacto u otras solicitudes realizadas por usted a trav\u00e9s de cualquiera de nuestros canales de comunicaci\u00f3n.<\/p>\r\n<p>Carolina Ribes Tortajada se compromete a no utilizar los datos obtenidos con una finalidad distinta a las mencionadas en el p\u00e1rrafo anterior.<\/p>\r\n<p><!-- \/wp:paragraph -->\u00a0<\/p>\r\n<!-- wp:heading -->\r\n<h2 class=\"wp-block-heading\">Plazo de conservaci\u00f3n de los datos<\/h2>\r\n<p><!-- \/wp:heading -->Los datos se conservar\u00e1n hasta que se cumpla el objetivo por el cual se recopilaron estos datos (Art.5.e. RGPD) o hasta que se ejerza el derecho a la supresi\u00f3n o modificaci\u00f3n de estos, siempre y cuando esto no entre en conflicto con la necesidad por motivos legales o fiscales de almacenarlos.<\/p>\r\n<p><!-- \/wp:paragraph -->\u00a0<\/p>\r\n<!-- wp:heading -->\r\n<h2 class=\"wp-block-heading\">Seguridad<\/h2>\r\n<p><!-- \/wp:heading -->La titular de este sitio web ha adoptado los niveles de seguridad de protecci\u00f3n de los datos personales legalmente requeridos a fin de evitar la p\u00e9rdida, el mal uso, la alteraci\u00f3n, el acceso no autorizado o el robo de los datos personales facilitados.<\/p>\r\n<p>Ello no obstante, la titular de este sitio web no se hace responsable de los da\u00f1os o perjuicios que pudieran derivarse de interferencias, omisiones, interrupciones, virus inform\u00e1ticos, aver\u00edas telef\u00f3nicas o desconexiones en el funcionamiento operativo de este sistema electr\u00f3nico por causas ajenas a su voluntad, as\u00ed como de retrasos o bloqueos en el uso del presente sistema<\/p>\r\n<p>electr\u00f3nico causados por deficiencias o sobrecargas de l\u00edneas telef\u00f3nicas o sobrecargas en el centro de procesos de datos, en el sistema de internet o en otros sistemas electr\u00f3nicos. Tampoco asume ninguna responsabilidad por los da\u00f1os que puedan ser causados por terceras personas mediante intromisiones ileg\u00edtimas fuera del control de la titular de este sitio web.<\/p>\r\n<p>Adem\u00e1s, la titular de este sitio web se compromete a mantener la confidencialidad de los datos y no comunicar\u00e1 ni permitir\u00e1 el acceso a terceros no autorizados.<\/p>\r\n<p><!-- \/wp:paragraph -->\u00a0<\/p>\r\n<!-- wp:heading -->\r\n<h2 class=\"wp-block-heading\">Sus derechos en cuanto a protecci\u00f3n de datos<\/h2>\r\n<p><!-- \/wp:heading -->La legislaci\u00f3n le reconoce unos derechos como usuario que ha cedido sus datos personales:<\/p>\r\n<ul>\r\n<li>\r\n<p>Acceso a los datos personales.<\/p>\r\n<\/li>\r\n<li>\r\n<p>Rectificaci\u00f3n o supresi\u00f3n.<\/p>\r\n<\/li>\r\n<li>\r\n<p>Oponerse al tratamiento.<\/p>\r\n<\/li>\r\n<li>\r\n<p>Portabilidad de los datos.<\/p>\r\n<\/li>\r\n<li>\r\n<p>Limitaci\u00f3n de su tratamiento.<\/p>\r\n<\/li>\r\n<\/ul>\r\n<p>El ejercicio de estos derechos es personal, por lo que solo puede solicitarlos para los datos de los cuales es el propietario. En el caso de que quiera ejercer alguno de estos derechos puede hacerlo online trav\u00e9s de <a href=\"https:\/\/tradsis.net\/\" target=\"_blank\" rel=\"noopener\">carolinaribes.es<\/a>, mediante un correo electr\u00f3nico dirigido a <a href=\"mailto:hola@carolinaribes.es\">hola@carolinaribes.es<\/a> o mediante carta dirigida a Calle H\u00e9roe Romeu, 6, puerta 5, 46008, Valencia (Espa\u00f1a) indicando los derechos que se quieren ejercer y una prueba de identidad.<\/p>\r\n<p>Nos comprometemos a responder a su solicitud en un plazo m\u00e1ximo de 30\u00a0d\u00edas h\u00e1biles.<\/p>\r\n<p>&nbsp;<\/p>\r\n<!-- \/wp:paragraph -->\r\n<h2 class=\"wp-block-heading\">Legitimaci\u00f3n para el tratamiento de datos<\/h2>\r\n<p><!-- \/wp:heading -->La base legal para el tratamiento de sus datos personales es la aceptaci\u00f3n expl\u00edcita del tratamiento, la gesti\u00f3n y el almacenamiento de estos seg\u00fan la presente Pol\u00edtica de privacidad.<\/p>\r\n<p>&nbsp;<\/p>\r\n<!-- \/wp:paragraph -->\r\n<h2 class=\"wp-block-heading\">Consecuencias de no aceptar la pol\u00edtica de privacidad<\/h2>\r\n<p><!-- \/wp:heading -->En el caso de que no acepte la gesti\u00f3n de sus datos seg\u00fan la presente Pol\u00edtica de privacidad, no se proceder\u00e1 a la recopilaci\u00f3n de estos, lo que puede suponer que no se pueda llevar a cabo el servicio prestado por Carolina Ribes Tortajada.<\/p>\r\n<!-- \/wp:paragraph -->\r\n<p>&nbsp;<\/p>\r\n[\/vc_column_text][\/vc_column][\/vc_row]","protected":false},"excerpt":{"rendered":"<p>[vc_row type=&#8221;in_container&#8221; full_screen_row_position=&#8221;middle&#8221; column_margin=&#8221;default&#8221; column_direction=&#8221;default&#8221; column_direction_tablet=&#8221;default&#8221; column_direction_phone=&#8221;default&#8221; scene_position=&#8221;center&#8221; top_padding=&#8221;5em&#8221; left_padding_desktop=&#8221;3em&#8221; constrain_group_2=&#8221;yes&#8221; right_padding_desktop=&#8221;3em&#8221; left_padding_tablet=&#8221;2em&#8221; constrain_group_4=&#8221;yes&#8221; right_padding_tablet=&#8221;2em&#8221; left_padding_phone=&#8221;1em&#8221; constrain_group_6=&#8221;yes&#8221; right_padding_phone=&#8221;1em&#8221; text_color=&#8221;dark&#8221; text_align=&#8221;left&#8221; row_border_radius=&#8221;none&#8221; row_border_radius_applies=&#8221;bg&#8221; overflow=&#8221;visible&#8221; overlay_strength=&#8221;0.3&#8243; gradient_direction=&#8221;left_to_right&#8221; shape_divider_position=&#8221;bottom&#8221; bg_image_animation=&#8221;none&#8221; gradient_type=&#8221;default&#8221; shape_type=&#8221;&#8221;][vc_column column_padding=&#8221;no-extra-padding&#8221;&#8230;<\/p>\n","protected":false},"author":1,"featured_media":0,"parent":0,"menu_order":0,"comment_status":"closed","ping_status":"open","template":"","meta":{"footnotes":""},"class_list":["post-612","page","type-page","status-publish"],"_links":{"self":[{"href":"https:\/\/carolinaribes.es\/en\/wp-json\/wp\/v2\/pages\/612","targetHints":{"allow":["GET"]}}],"collection":[{"href":"https:\/\/carolinaribes.es\/en\/wp-json\/wp\/v2\/pages"}],"about":[{"href":"https:\/\/carolinaribes.es\/en\/wp-json\/wp\/v2\/types\/page"}],"author":[{"embeddable":true,"href":"https:\/\/carolinaribes.es\/en\/wp-json\/wp\/v2\/users\/1"}],"replies":[{"embeddable":true,"href":"https:\/\/carolinaribes.es\/en\/wp-json\/wp\/v2\/comments?post=612"}],"version-history":[{"count":3,"href":"https:\/\/carolinaribes.es\/en\/wp-json\/wp\/v2\/pages\/612\/revisions"}],"predecessor-version":[{"id":619,"href":"https:\/\/carolinaribes.es\/en\/wp-json\/wp\/v2\/pages\/612\/revisions\/619"}],"wp:attachment":[{"href":"https:\/\/carolinaribes.es\/en\/wp-json\/wp\/v2\/media?parent=612"}],"curies":[{"name":"wp","href":"https:\/\/api.w.org\/{rel}","templated":true}]}}