{"id":622,"date":"2025-03-07T09:51:05","date_gmt":"2025-03-07T09:51:05","guid":{"rendered":"https:\/\/carolinaribes.es\/?page_id=622"},"modified":"2026-03-12T13:25:22","modified_gmt":"2026-03-12T13:25:22","slug":"politica-de-cookies","status":"publish","type":"page","link":"https:\/\/carolinaribes.es\/en\/politica-de-cookies\/","title":{"rendered":"Pol\u00edtica de cookies"},"content":{"rendered":"[vc_row type=&#8221;in_container&#8221; full_screen_row_position=&#8221;middle&#8221; column_margin=&#8221;default&#8221; column_direction=&#8221;default&#8221; column_direction_tablet=&#8221;default&#8221; column_direction_phone=&#8221;default&#8221; scene_position=&#8221;center&#8221; top_padding=&#8221;5em&#8221; left_padding_desktop=&#8221;3em&#8221; constrain_group_2=&#8221;yes&#8221; right_padding_desktop=&#8221;3em&#8221; left_padding_tablet=&#8221;2em&#8221; constrain_group_4=&#8221;yes&#8221; right_padding_tablet=&#8221;2em&#8221; left_padding_phone=&#8221;1em&#8221; constrain_group_6=&#8221;yes&#8221; right_padding_phone=&#8221;1em&#8221; text_color=&#8221;dark&#8221; text_align=&#8221;left&#8221; row_border_radius=&#8221;none&#8221; row_border_radius_applies=&#8221;bg&#8221; overflow=&#8221;visible&#8221; overlay_strength=&#8221;0.3&#8243; gradient_direction=&#8221;left_to_right&#8221; shape_divider_position=&#8221;bottom&#8221; bg_image_animation=&#8221;none&#8221; gradient_type=&#8221;default&#8221; shape_type=&#8221;&#8221;][vc_column column_padding=&#8221;no-extra-padding&#8221; column_padding_tablet=&#8221;inherit&#8221; column_padding_phone=&#8221;inherit&#8221; column_padding_position=&#8221;all&#8221; column_element_direction_desktop=&#8221;default&#8221; column_element_spacing=&#8221;default&#8221; desktop_text_alignment=&#8221;default&#8221; tablet_text_alignment=&#8221;default&#8221; phone_text_alignment=&#8221;default&#8221; background_color_opacity=&#8221;1&#8243; background_hover_color_opacity=&#8221;1&#8243; column_backdrop_filter=&#8221;none&#8221; column_shadow=&#8221;none&#8221; column_border_radius=&#8221;none&#8221; column_link_target=&#8221;_self&#8221; column_position=&#8221;default&#8221; gradient_direction=&#8221;left_to_right&#8221; overlay_strength=&#8221;0.3&#8243; width=&#8221;1\/1&#8243; tablet_width_inherit=&#8221;default&#8221; animation_type=&#8221;default&#8221; bg_image_animation=&#8221;none&#8221; border_type=&#8221;simple&#8221; column_border_width=&#8221;none&#8221; column_border_style=&#8221;solid&#8221;][vc_column_text css=&#8221;&#8221; text_direction=&#8221;default&#8221;]\r\n<h2 class=\"wp-block-heading\">Uso de cookies<\/h2>\r\n<p>&nbsp;<\/p>\r\n<p>Este sitio web puede utilizar cookies t\u00e9cnicas (peque\u00f1os archivos de informaci\u00f3n que el servidor env\u00eda al ordenador de quien accede a la p\u00e1gina) para llevar a cabo determinadas funciones que se consideran imprescindibles para el correcto funcionamiento y visualizaci\u00f3n del sitio. En todo caso, las cookies utilizadas tienen car\u00e1cter temporal, con la \u00fanica finalidad de hacer m\u00e1s eficaz la navegaci\u00f3n por el sitio, y desaparecen al terminar la sesi\u00f3n del usuario. En ning\u00fan caso estas cookies proporcionan por s\u00ed mismas datos de car\u00e1cter personal y no se utilizar\u00e1n para la recogida de estos.<\/p>\r\n<p>Mediante el uso de las cookies, el servidor donde se encuentra la web puede reconocer el navegador utilizado por el usuario con el fin de que la navegaci\u00f3n sea m\u00e1s sencilla, permitiendo, por ejemplo, a los usuarios que se hayan registrado previamente, acceder a las \u00e1reas, servicios, promociones o concursos reservados exclusivamente a ellos sin tener que registrarse en cada visita. Tambi\u00e9n pueden utilizarse para medir la audiencia o par\u00e1metros del tr\u00e1fico, controlar el progreso y n\u00famero de entradas, etc. En estos casos, las cookies utilizadas son t\u00e9cnicamente no esenciales pero s\u00ed beneficiosas para el usuario. Este sitio web no instalar\u00e1 cookies sin el consentimiento previo del usuario. El usuario puede configurar su navegador para que le avise de la recepci\u00f3n de cookies y para impedir su instalaci\u00f3n en su ordenador. Para obtener m\u00e1s informaci\u00f3n, consulte las instrucciones de su navegador.<\/p>\r\n[\/vc_column_text][\/vc_column][\/vc_row]","protected":false},"excerpt":{"rendered":"<p>[vc_row type=&#8221;in_container&#8221; full_screen_row_position=&#8221;middle&#8221; column_margin=&#8221;default&#8221; column_direction=&#8221;default&#8221; column_direction_tablet=&#8221;default&#8221; column_direction_phone=&#8221;default&#8221; scene_position=&#8221;center&#8221; top_padding=&#8221;5em&#8221; left_padding_desktop=&#8221;3em&#8221; constrain_group_2=&#8221;yes&#8221; right_padding_desktop=&#8221;3em&#8221; left_padding_tablet=&#8221;2em&#8221; constrain_group_4=&#8221;yes&#8221; right_padding_tablet=&#8221;2em&#8221; left_padding_phone=&#8221;1em&#8221; constrain_group_6=&#8221;yes&#8221; right_padding_phone=&#8221;1em&#8221; text_color=&#8221;dark&#8221; text_align=&#8221;left&#8221; row_border_radius=&#8221;none&#8221; row_border_radius_applies=&#8221;bg&#8221; overflow=&#8221;visible&#8221; overlay_strength=&#8221;0.3&#8243; gradient_direction=&#8221;left_to_right&#8221; shape_divider_position=&#8221;bottom&#8221; bg_image_animation=&#8221;none&#8221; gradient_type=&#8221;default&#8221; shape_type=&#8221;&#8221;][vc_column column_padding=&#8221;no-extra-padding&#8221;&#8230;<\/p>\n","protected":false},"author":1,"featured_media":0,"parent":0,"menu_order":0,"comment_status":"closed","ping_status":"open","template":"","meta":{"footnotes":""},"class_list":["post-622","page","type-page","status-publish"],"_links":{"self":[{"href":"https:\/\/carolinaribes.es\/en\/wp-json\/wp\/v2\/pages\/622","targetHints":{"allow":["GET"]}}],"collection":[{"href":"https:\/\/carolinaribes.es\/en\/wp-json\/wp\/v2\/pages"}],"about":[{"href":"https:\/\/carolinaribes.es\/en\/wp-json\/wp\/v2\/types\/page"}],"author":[{"embeddable":true,"href":"https:\/\/carolinaribes.es\/en\/wp-json\/wp\/v2\/users\/1"}],"replies":[{"embeddable":true,"href":"https:\/\/carolinaribes.es\/en\/wp-json\/wp\/v2\/comments?post=622"}],"version-history":[{"count":3,"href":"https:\/\/carolinaribes.es\/en\/wp-json\/wp\/v2\/pages\/622\/revisions"}],"predecessor-version":[{"id":694,"href":"https:\/\/carolinaribes.es\/en\/wp-json\/wp\/v2\/pages\/622\/revisions\/694"}],"wp:attachment":[{"href":"https:\/\/carolinaribes.es\/en\/wp-json\/wp\/v2\/media?parent=622"}],"curies":[{"name":"wp","href":"https:\/\/api.w.org\/{rel}","templated":true}]}}