{"id":628,"date":"2025-03-07T10:54:51","date_gmt":"2025-03-07T10:54:51","guid":{"rendered":"https:\/\/carolinaribes.es\/?page_id=628"},"modified":"2025-03-07T11:26:38","modified_gmt":"2025-03-07T11:26:38","slug":"aviso-legal","status":"publish","type":"page","link":"https:\/\/carolinaribes.es\/en\/aviso-legal\/","title":{"rendered":"Aviso legal"},"content":{"rendered":"[vc_row type=&#8221;in_container&#8221; full_screen_row_position=&#8221;middle&#8221; column_margin=&#8221;default&#8221; column_direction=&#8221;default&#8221; column_direction_tablet=&#8221;default&#8221; column_direction_phone=&#8221;default&#8221; scene_position=&#8221;center&#8221; top_padding=&#8221;5em&#8221; constrain_group_1=&#8221;yes&#8221; bottom_padding=&#8221;5em&#8221; left_padding_desktop=&#8221;3em&#8221; constrain_group_2=&#8221;yes&#8221; right_padding_desktop=&#8221;3em&#8221; left_padding_tablet=&#8221;2em&#8221; constrain_group_4=&#8221;yes&#8221; right_padding_tablet=&#8221;2em&#8221; left_padding_phone=&#8221;1em&#8221; constrain_group_6=&#8221;yes&#8221; right_padding_phone=&#8221;1em&#8221; text_color=&#8221;dark&#8221; text_align=&#8221;left&#8221; row_border_radius=&#8221;none&#8221; row_border_radius_applies=&#8221;bg&#8221; overflow=&#8221;visible&#8221; overlay_strength=&#8221;0.3&#8243; gradient_direction=&#8221;left_to_right&#8221; shape_divider_position=&#8221;bottom&#8221; bg_image_animation=&#8221;none&#8221; gradient_type=&#8221;default&#8221; shape_type=&#8221;&#8221;][vc_column column_padding=&#8221;no-extra-padding&#8221; column_padding_tablet=&#8221;inherit&#8221; column_padding_phone=&#8221;inherit&#8221; column_padding_position=&#8221;all&#8221; column_element_direction_desktop=&#8221;default&#8221; column_element_spacing=&#8221;default&#8221; desktop_text_alignment=&#8221;default&#8221; tablet_text_alignment=&#8221;default&#8221; phone_text_alignment=&#8221;default&#8221; background_color_opacity=&#8221;1&#8243; background_hover_color_opacity=&#8221;1&#8243; column_backdrop_filter=&#8221;none&#8221; column_shadow=&#8221;none&#8221; column_border_radius=&#8221;none&#8221; column_link_target=&#8221;_self&#8221; column_position=&#8221;default&#8221; gradient_direction=&#8221;left_to_right&#8221; overlay_strength=&#8221;0.3&#8243; width=&#8221;1\/1&#8243; tablet_width_inherit=&#8221;default&#8221; animation_type=&#8221;default&#8221; bg_image_animation=&#8221;none&#8221; border_type=&#8221;simple&#8221; column_border_width=&#8221;none&#8221; column_border_style=&#8221;solid&#8221;][vc_column_text css=&#8221;&#8221; text_direction=&#8221;default&#8221;]\r\n<h2 class=\"wp-block-heading\">Identificaci\u00f3n y titularidad<\/h2>\r\n<p>En cumplimiento de lo establecido en el art\u00edculo 10 de la Ley 34\/2002, de 11 de julio, de Servicios de la Sociedad de la Informaci\u00f3n y de Comercio Electr\u00f3nico (LSSICE), se informa a los usuarios de la titularidad del sitio web <a href=\"https:\/\/noeliaberna.com\/\" target=\"_blank\" rel=\"noopener\">carolinaribes.es<\/a> (en adelante, \u201csitio web\u201d):<\/p>\r\n<ul>\r\n<li>\r\n<p><strong>Titular: <\/strong>Carolina Ribes Tortajada<\/p>\r\n<\/li>\r\n<li>\r\n<p><strong>NIF: <\/strong>20796797J<\/p>\r\n<\/li>\r\n<li>\r\n<p><strong>Domicilio: <\/strong>Calle H\u00e9roe Romeu, 6, puerta 5, 46008, Valencia (Espa\u00f1a)<\/p>\r\n<\/li>\r\n<li>\r\n<p><strong>Correo electr\u00f3nico: <\/strong>hola@carolinaribes.es<\/p>\r\n<\/li>\r\n<li>\r\n<p><strong>Sitio web: <\/strong><a href=\"https:\/\/tradsis.net\/es\" target=\"_blank\" rel=\"noopener\">carolinaribes.es<\/a><\/p>\r\n<\/li>\r\n<\/ul>\r\n<p>&nbsp;<\/p>\r\n<h2 class=\"wp-block-heading\">Finalidad<\/h2>\r\n<p>La finalidad del sitio web <a href=\"https:\/\/tradsis.net\/es\" target=\"_blank\" rel=\"noopener\">carolinaribes.es<\/a> es poner en conocimiento del p\u00fablico los servicios que Carolina Ribes Tortajada presta como trabajadora por cuenta propia.<\/p>\r\n\r\n<p>&nbsp;<\/p>\r\n\r\n<h2 class=\"wp-block-heading\">\u00a0<\/h2>\r\n<h2 class=\"wp-block-heading\">Condiciones de uso<\/h2>\r\n<p>La utilizaci\u00f3n del sitio web le otorga la condici\u00f3n de Usuario, e implica la aceptaci\u00f3n completa de todas las cl\u00e1usulas y condiciones de uso incluidas en las p\u00e1ginas:<\/p>\r\n<ul>\r\n<li>\r\n<p>Aviso legal<\/p>\r\n<\/li>\r\n<li>\r\n<p>Pol\u00edtica de privacidad<\/p>\r\n<\/li>\r\n<li>\r\n<p>Pol\u00edtica de cookies<\/p>\r\n<\/li>\r\n<\/ul>\r\n<p>Si no estuviera conforme con todas y cada una de estas cl\u00e1usulas y condiciones abst\u00e9ngase de utilizar este sitio web.<\/p>\r\n<p>El acceso a este sitio web no supone, en modo alguno, el inicio de una relaci\u00f3n comercial con la Titular.<\/p>\r\n<p>A trav\u00e9s de este sitio web, la Titular le facilita el acceso y la utilizaci\u00f3n de diversos contenidos que la Titular o sus colaboradores han publicado por medio de Internet.<\/p>\r\n<p>A tal efecto, usted est\u00e1 obligado y comprometido a NO utilizar cualquiera de los contenidos del sitio web con fines o efectos il\u00edcitos, prohibidos en este Aviso legal o por la legislaci\u00f3n vigente, lesivos de los derechos e intereses de terceros, o que de cualquier forma puedan da\u00f1ar, inutilizar, sobrecargar, deteriorar o impedir la normal utilizaci\u00f3n de los contenidos, los equipos inform\u00e1ticos o los documentos, archivos y toda clase de contenidos almacenados en cualquier equipo inform\u00e1tico propios o contratados por la Titular, de otros usuarios o de cualquier usuario de Internet.<\/p>\r\n\r\n<p>&nbsp;<\/p>\r\n\r\n<h2 class=\"wp-block-heading\">\u00a0<\/h2>\r\n<h2 class=\"wp-block-heading\">Comentarios<\/h2>\r\n<p>La Titular se reserva el derecho de retirar todos aquellos comentarios que vulneren la legislaci\u00f3n vigente, lesivos de los derechos o intereses de terceros, o que, a su juicio, no resulten adecuados para su publicaci\u00f3n.<\/p>\r\n<p>La Titular no ser\u00e1 responsable de las opiniones vertidas por los usuarios a trav\u00e9s del sistema de comentarios, redes sociales u otras herramientas de participaci\u00f3n, conforme a lo previsto en la normativa de aplicaci\u00f3n.<\/p>\r\n<!-- \/wp:post-content -->\r\n<p>&nbsp;<\/p>\r\n<!-- wp:heading -->\r\n<h2>\u00a0<\/h2>\r\n<h2 class=\"wp-block-heading\">Mayor\u00eda de edad<\/h2>\r\n<p>Usted debe tener al menos 18 a\u00f1os de edad para usar los servicios ofrecidos por la Titular o la mayor\u00eda de edad que se requiera su pa\u00eds para registrarse en el sitio web o utilizarlo. Si reside en un pa\u00eds que no pertenezca a la regi\u00f3n europea, debe tener al menos 13 a\u00f1os de edad para usar el sitio web o la mayor\u00eda de edad que se requiera su pa\u00eds para registrarse en el sitio web o utilizarlo.<\/p>\r\n<p>Adem\u00e1s de tener la edad m\u00ednima requerida para usar el sitio web en virtud de la ley aplicable. Si no tiene la edad suficiente para poder aceptar nuestras condiciones en su pa\u00eds, su padre, madre, o tutor deben aceptar nuestras condiciones en su nombre.<\/p>\r\n<!-- \/wp:heading -->\r\n<p>&nbsp;<\/p>\r\n<!-- wp:heading -->\r\n<h2>\u00a0<\/h2>\r\n<h2 class=\"wp-block-heading\">Medidas de seguridad<\/h2>\r\n<p>Los datos personales que facilite a la Titular pueden ser almacenados en bases de datos automatizadas o no, cuya titularidad corresponde en exclusiva a la Titular, que asume todas las medidas de \u00edndole t\u00e9cnica, organizativa y de seguridad que garantizan la confidencialidad, integridad y calidad de la informaci\u00f3n contenida en estas de acuerdo con lo establecido en la normativa vigente en materia de protecci\u00f3n de datos.<\/p>\r\n<p>No obstante, debe ser consciente de que las medidas de seguridad de los sistemas inform\u00e1ticos en Internet no son enteramente fiables y que, por tanto, la Titular no puede garantizar la inexistencia de virus u otros elementos que puedan producir alteraciones en los sistemas inform\u00e1ticos (software y hardware) del Usuario o en sus documentos electr\u00f3nicos y ficheros contenidos en estos aunque la Titular pone todos los medios necesarios y toma las medidas de seguridad oportunas para evitar la presencia de estos elementos da\u00f1inos.<\/p>\r\n<!-- \/wp:heading -->\r\n<p>&nbsp;<\/p>\r\n<!-- wp:heading -->\r\n<h2>\u00a0<\/h2>\r\n<h2 class=\"wp-block-heading\">Datos personales<\/h2>\r\n<p>Usted puede consultar toda la informaci\u00f3n relativa al tratamiento de datos personales que recoge la Titular en la p\u00e1gina de la Pol\u00edtica de privacidad.<\/p>\r\n<!-- \/wp:heading -->\r\n<p>&nbsp;<\/p>\r\n<!-- wp:heading -->\r\n<h2>\u00a0<\/h2>\r\n<h2 class=\"wp-block-heading\">Contenidos<\/h2>\r\n<p>La Titular ha obtenido la informaci\u00f3n, el contenido multimedia y los materiales incluidos en el sitio web de fuentes que considera fiables, pero, si bien ha tomado todas las medidas razonables para asegurar que la informaci\u00f3n contenida es correcta, la Titular no garantiza que sea exacta, completa o actualizada. La Titular declina expresamente cualquier responsabilidad por error u omisi\u00f3n en la informaci\u00f3n contenida en las p\u00e1ginas de este sitio web.<\/p>\r\n<p>Queda prohibido transmitir o enviar a trav\u00e9s del sitio web cualquier contenido ilegal o il\u00edcito, virus inform\u00e1ticos, o mensajes que, en general, afecten o violen derechos de la Titular o de terceros.<\/p>\r\n<p>Los contenidos del sitio web tienen \u00fanicamente una finalidad informativa y en ninguna circunstancia deben usarse ni considerarse como oferta de venta, solicitud de una oferta de compra ni recomendaci\u00f3n para realizar cualquier otra operaci\u00f3n, salvo que as\u00ed se indique expresamente.<\/p>\r\n<p>La Titular se reserva el derecho a modificar, suspender, cancelar o restringir el contenido del sitio web, los enlaces o la informaci\u00f3n obtenida a trav\u00e9s del sitio web, sin necesidad de previo aviso.<\/p>\r\n<p>La Titular no es responsable de los da\u00f1os y perjuicios que pudieran derivarse de la utilizaci\u00f3n de la informaci\u00f3n del sitio web o de la contenida en las redes sociales de la Titular.<\/p>\r\n<!-- \/wp:heading -->\r\n<p>&nbsp;<\/p>\r\n<!-- wp:heading -->\r\n<h2>\u00a0<\/h2>\r\n<h2 class=\"wp-block-heading\">Enlaces de inter\u00e9s a otros sitios web<\/h2>\r\n<p>La Titular puede proporcionarle acceso a sitios web de terceros mediante enlaces con la finalidad de informar sobre la existencia de otras fuentes de informaci\u00f3n en Internet en las que podr\u00e1 ampliar los datos ofrecidos en el sitio web.<\/p>\r\n<p>Estos enlaces a otros sitios web no suponen en ning\u00fan caso una sugerencia o recomendaci\u00f3n para que usted visite las p\u00e1ginas web de destino, que est\u00e1n fuera del control de la Titular, por lo que la Titular no es responsable del contenido de los sitios web vinculados ni del resultado que obtenga al seguir los enlaces.<\/p>\r\n<p>Asimismo, la Titular no responde de los links o enlaces ubicados en los sitios web vinculados a los que le proporciona acceso.<\/p>\r\n<p>El establecimiento del enlace no implica en ning\u00fan caso la existencia de relaciones entre la Titular y el propietario del sitio en el que se establezca el enlace, ni la aceptaci\u00f3n o aprobaci\u00f3n por parte de la Titular de sus contenidos o servicios.<\/p>\r\n<p>Si accede a un sitio web externo desde un enlace que encuentre en el sitio web, usted deber\u00e1 leer la propia pol\u00edtica de privacidad del otro sitio web que puede ser diferente de la de este sitio web.<\/p>\r\n<!-- \/wp:heading -->\r\n<h2>\u00a0<\/h2>\r\n<h2 class=\"wp-block-heading\">Propiedad intelectual e industrial<\/h2>\r\n<p>Todos los derechos est\u00e1n reservados.<\/p>\r\n<p>Todo acceso a este sitio web est\u00e1 sujeto a las siguientes condiciones: la reproducci\u00f3n, almacenaje permanente y la difusi\u00f3n de los contenidos o cualquier otro uso que tenga finalidad p\u00fablica o comercial queda expresamente prohibida sin el consentimiento previo expreso y por escrito de la Titular.<\/p>\r\n<p>&nbsp;<\/p>\r\n<!-- \/wp:paragraph -->\r\n<h2 class=\"wp-block-heading\">Limitaci\u00f3n de responsabilidad<\/h2>\r\n<p>La informaci\u00f3n y servicios incluidos o disponibles a trav\u00e9s de este sitio web pueden incluir incorrecciones o errores tipogr\u00e1ficos. De forma peri\u00f3dica la Titular incorpora mejoras y\/o cambios a la informaci\u00f3n contenida y\/o los Servicios que puede introducir en cualquier momento.<\/p>\r\n<p>La Titular no declara ni garantiza que los servicios o contenidos sean interrumpidos o que est\u00e9n libres de errores, que los defectos sean corregidos, o que el servicio o el servidor que lo pone a disposici\u00f3n est\u00e9n libres de virus u otros componentes nocivos, sin perjuicio de que la Titular realiza todos los esfuerzos en evitar este tipo de incidentes.<\/p>\r\n<p>La Titular declina cualquier responsabilidad en caso de que existan interrupciones o un mal funcionamiento de los Servicios o contenidos ofrecidos en Internet, cualquiera que sea su causa. Asimismo, la Titular no se hace responsable por ca\u00eddas de la red, p\u00e9rdidas de negocio a consecuencia de dichas ca\u00eddas, suspensiones temporales de fluido el\u00e9ctrico o cualquier otro tipo de da\u00f1o indirecto que le pueda ser causado por causas ajenas a la Titular.<\/p>\r\n<p>Antes de tomar decisiones y\/o acciones con base a la informaci\u00f3n incluida en el sitio web, la Titular le recomienda comprobar y contrastar la informaci\u00f3n recibida con otras fuentes.<\/p>\r\n<!-- \/wp:paragraph -->\r\n<h2>\u00a0<\/h2>\r\n<h2 class=\"wp-block-heading\">Derecho de exclusi\u00f3n<\/h2>\r\n<p>La Titular se reserva el derecho a denegar o retirar el acceso al sitio web y los servicios ofrecidos sin necesidad de preaviso, a instancia propia o de un tercero, a aquellos usuarios que incumplan cualquiera de las condiciones de este Aviso legal.<\/p>\r\n<p>&nbsp;<\/p>\r\n<h2 class=\"wp-block-heading\">Jurisdicci\u00f3n<\/h2>\r\n<p>Este Aviso legal se rige \u00edntegramente por la legislaci\u00f3n espa\u00f1ola.<\/p>\r\n<p>Siempre que no haya una norma que obligue a otra cosa, para cuantas cuestiones se susciten sobre la interpretaci\u00f3n, aplicaci\u00f3n y cumplimiento de este Aviso legal, as\u00ed como de las reclamaciones que puedan derivarse de su uso, las partes acuerdan someterse a los jueces y tribunales del partido judicial de Valencia, con renuncia expresa de cualquier otra jurisdicci\u00f3n que pudiera corresponderles.<\/p>\r\n<h2>\u00a0<\/h2>\r\n<h2 class=\"wp-block-heading\">Contacto<\/h2>\r\n<p>En caso de que usted tenga cualquier duda acerca de este Aviso legal o quiera realizar cualquier comentario sobre este sitio web, puede enviar un mensaje de correo electr\u00f3nico a la direcci\u00f3n <a href=\"mailto:hola@carolinaribes.es\">hola@carolinaribes.es<\/a>.<\/p>\r\n[\/vc_column_text][\/vc_column][\/vc_row]","protected":false},"excerpt":{"rendered":"<p>[vc_row type=&#8221;in_container&#8221; full_screen_row_position=&#8221;middle&#8221; column_margin=&#8221;default&#8221; column_direction=&#8221;default&#8221; column_direction_tablet=&#8221;default&#8221; column_direction_phone=&#8221;default&#8221; scene_position=&#8221;center&#8221; top_padding=&#8221;5em&#8221; constrain_group_1=&#8221;yes&#8221; bottom_padding=&#8221;5em&#8221; left_padding_desktop=&#8221;3em&#8221; constrain_group_2=&#8221;yes&#8221; right_padding_desktop=&#8221;3em&#8221; left_padding_tablet=&#8221;2em&#8221; constrain_group_4=&#8221;yes&#8221; right_padding_tablet=&#8221;2em&#8221; left_padding_phone=&#8221;1em&#8221; constrain_group_6=&#8221;yes&#8221; right_padding_phone=&#8221;1em&#8221; text_color=&#8221;dark&#8221; text_align=&#8221;left&#8221; row_border_radius=&#8221;none&#8221; row_border_radius_applies=&#8221;bg&#8221; overflow=&#8221;visible&#8221; overlay_strength=&#8221;0.3&#8243; gradient_direction=&#8221;left_to_right&#8221; shape_divider_position=&#8221;bottom&#8221; bg_image_animation=&#8221;none&#8221; gradient_type=&#8221;default&#8221;&#8230;<\/p>\n","protected":false},"author":1,"featured_media":0,"parent":0,"menu_order":0,"comment_status":"closed","ping_status":"open","template":"","meta":{"footnotes":""},"class_list":["post-628","page","type-page","status-publish"],"_links":{"self":[{"href":"https:\/\/carolinaribes.es\/en\/wp-json\/wp\/v2\/pages\/628","targetHints":{"allow":["GET"]}}],"collection":[{"href":"https:\/\/carolinaribes.es\/en\/wp-json\/wp\/v2\/pages"}],"about":[{"href":"https:\/\/carolinaribes.es\/en\/wp-json\/wp\/v2\/types\/page"}],"author":[{"embeddable":true,"href":"https:\/\/carolinaribes.es\/en\/wp-json\/wp\/v2\/users\/1"}],"replies":[{"embeddable":true,"href":"https:\/\/carolinaribes.es\/en\/wp-json\/wp\/v2\/comments?post=628"}],"version-history":[{"count":8,"href":"https:\/\/carolinaribes.es\/en\/wp-json\/wp\/v2\/pages\/628\/revisions"}],"predecessor-version":[{"id":645,"href":"https:\/\/carolinaribes.es\/en\/wp-json\/wp\/v2\/pages\/628\/revisions\/645"}],"wp:attachment":[{"href":"https:\/\/carolinaribes.es\/en\/wp-json\/wp\/v2\/media?parent=628"}],"curies":[{"name":"wp","href":"https:\/\/api.w.org\/{rel}","templated":true}]}}